{"id":968,"date":"2020-05-21T17:20:36","date_gmt":"2020-05-21T20:20:36","guid":{"rendered":"http:\/\/webapp186542.ip-96-126-117-202.cloudezapp.io\/?page_id=968"},"modified":"2021-08-03T12:32:22","modified_gmt":"2021-08-03T15:32:22","slug":"pagina-cadastro","status":"publish","type":"page","link":"https:\/\/antibioticoeantibioticos.com.br\/?page_id=968","title":{"rendered":"P\u00e1gina Cadastro"},"content":{"rendered":"\t\t<div data-elementor-type=\"wp-page\" data-elementor-id=\"968\" class=\"elementor elementor-968\" data-elementor-settings=\"[]\">\n\t\t\t\t\t\t<div class=\"elementor-inner\">\n\t\t\t\t\t\t\t<div class=\"elementor-section-wrap\">\n\t\t\t\t\t\t\t<section class=\"penci-section penci-disSticky penci-structure-10 elementor-section elementor-top-section elementor-element elementor-element-137716fc elementor-section-height-min-height elementor-section-content-middle elementor-section-boxed elementor-section-height-default elementor-section-items-middle\" data-id=\"137716fc\" data-element_type=\"section\" data-settings=\"{&quot;background_background&quot;:&quot;classic&quot;}\">\n\t\t\t\t\t\t<div class=\"elementor-container elementor-column-gap-no\">\n\t\t\t\t\t\t\t<div class=\"elementor-row\">\n\t\t\t\t\t<div class=\"penci-ercol-100 penci-ercol-order-1 penci-sticky-ct  elementor-column elementor-col-100 elementor-top-column elementor-element elementor-element-2311c085\" data-id=\"2311c085\" data-element_type=\"column\" data-settings=\"{&quot;background_background&quot;:&quot;none&quot;}\">\n\t\t\t<div class=\"theiaStickySidebar elementor-column-wrap elementor-element-populated\">\n\t\t\t\t\t\t\t<div class=\"elementor-widget-wrap\">\n\t\t\t\t\t\t<section class=\"penci-section penci-disSticky penci-structure-20 elementor-section elementor-inner-section elementor-element elementor-element-525d99fe elementor-section-height-min-height elementor-section-content-middle elementor-section-boxed elementor-section-height-default\" data-id=\"525d99fe\" data-element_type=\"section\">\n\t\t\t\t\t\t<div class=\"elementor-container elementor-column-gap-default\">\n\t\t\t\t\t\t\t<div class=\"elementor-row\">\n\t\t\t\t\t<div class=\"penci-ercol-50 penci-ercol-order-1 penci-sticky-ct  elementor-column elementor-col-50 elementor-inner-column elementor-element elementor-element-541fa0f\" data-id=\"541fa0f\" data-element_type=\"column\" data-settings=\"{&quot;background_background&quot;:&quot;gradient&quot;}\">\n\t\t\t<div class=\"theiaStickySidebar elementor-column-wrap elementor-element-populated\">\n\t\t\t\t\t\t\t<div class=\"elementor-widget-wrap\">\n\t\t\t\t\t\t<div class=\"elementor-element elementor-element-35e655a6 elementor-widget elementor-widget-heading\" data-id=\"35e655a6\" data-element_type=\"widget\" data-widget_type=\"heading.default\">\n\t\t\t\t<div class=\"elementor-widget-container\">\n\t\t\t<h2 class=\"elementor-heading-title elementor-size-default\">Cadastre-se<\/h2>\t\t<\/div>\n\t\t\t\t<\/div>\n\t\t\t\t<div class=\"elementor-element elementor-element-675a3911 elementor-widget elementor-widget-text-editor\" data-id=\"675a3911\" data-element_type=\"widget\" data-widget_type=\"text-editor.default\">\n\t\t\t\t<div class=\"elementor-widget-container\">\n\t\t\t\t\t\t\t\t<div class=\"elementor-text-editor elementor-clearfix\">\n\t\t\t\t\t<p>Acesse na \u00edntegra as recomenda\u00e7\u00f5es consensuais da SBI, Febrasgo, SBU e SBPC\/ML para tratamento de ITUs em mulheres. Leitura obrigat\u00f3ria para todos os especialistas que lidam com o tema.<\/p>\t\t\t\t\t<\/div>\n\t\t\t\t\t\t<\/div>\n\t\t\t\t<\/div>\n\t\t\t\t\t\t<\/div>\n\t\t\t\t\t<\/div>\n\t\t<\/div>\n\t\t\t\t<div class=\"penci-ercol-50 penci-ercol-order-2 penci-sticky-ct  elementor-column elementor-col-50 elementor-inner-column elementor-element elementor-element-7e7945a2\" data-id=\"7e7945a2\" data-element_type=\"column\" data-settings=\"{&quot;background_background&quot;:&quot;classic&quot;}\">\n\t\t\t<div class=\"theiaStickySidebar elementor-column-wrap elementor-element-populated\">\n\t\t\t\t\t\t\t<div class=\"elementor-widget-wrap\">\n\t\t\t\t\t\t<div class=\"elementor-element elementor-element-f37bc00 elementor-widget elementor-widget-image\" data-id=\"f37bc00\" data-element_type=\"widget\" data-widget_type=\"image.default\">\n\t\t\t\t<div class=\"elementor-widget-container\">\n\t\t\t\t\t\t\t\t<div class=\"elementor-image\">\n\t\t\t\t\t\t\t\t\t\t\t\t<img width=\"263\" height=\"175\" src=\"https:\/\/antibioticoeantibioticos.com.br\/wp-content\/uploads\/2020\/04\/antibiotico-e-antibioticos-logo-263x175.png\" class=\"attachment-penci-thumb-small size-penci-thumb-small\" alt=\"\" loading=\"lazy\" \/>\t\t\t\t\t\t\t\t\t\t\t\t\t\t<\/div>\n\t\t\t\t\t\t<\/div>\n\t\t\t\t<\/div>\n\t\t\t\t<div class=\"elementor-element elementor-element-0bb3c4b elementor-widget elementor-widget-shortcode\" data-id=\"0bb3c4b\" data-element_type=\"widget\" data-widget_type=\"shortcode.default\">\n\t\t\t\t<div class=\"elementor-widget-container\">\n\t\t\t\t\t<div class=\"elementor-shortcode\"><div class=\"wpforms-container wpforms-container-full\" id=\"wpforms-990\"><form id=\"wpforms-form-990\" class=\"wpforms-validate wpforms-form\" data-formid=\"990\" method=\"post\" enctype=\"multipart\/form-data\" action=\"\/index.php?rest_route=%2Fwp%2Fv2%2Fpages%2F968\" data-token=\"24a8bdd479a5dbe1b9f0129291503c9b\"><noscript class=\"wpforms-error-noscript\">Ative o JavaScript no seu navegador para preencher este formul\u00e1rio.<\/noscript><div class=\"wpforms-field-container\"><div id=\"wpforms-990-field_1-container\" class=\"wpforms-field wpforms-field-name\" data-field-id=\"1\"><label class=\"wpforms-field-label\" for=\"wpforms-990-field_1\">Nome <span class=\"wpforms-required-label\">*<\/span><\/label><div class=\"wpforms-field-row wpforms-field-large\"><div class=\"wpforms-field-row-block wpforms-first wpforms-one-half\"><input type=\"text\" id=\"wpforms-990-field_1\" class=\"wpforms-field-name-first wpforms-field-required\" name=\"wpforms[fields][1][first]\" required><label for=\"wpforms-990-field_1\" class=\"wpforms-field-sublabel after \">Nome<\/label><\/div><div class=\"wpforms-field-row-block wpforms-one-half\"><input type=\"text\" id=\"wpforms-990-field_1-last\" class=\"wpforms-field-name-last wpforms-field-required\" name=\"wpforms[fields][1][last]\" required><label for=\"wpforms-990-field_1-last\" class=\"wpforms-field-sublabel after \">Sobrenome<\/label><\/div><\/div><\/div><div id=\"wpforms-990-field_2-container\" class=\"wpforms-field wpforms-field-text\" data-field-id=\"2\"><label class=\"wpforms-field-label\" for=\"wpforms-990-field_2\">Nome de usu\u00e1rio <span class=\"wpforms-required-label\">*<\/span><\/label><input type=\"text\" id=\"wpforms-990-field_2\" class=\"wpforms-field-medium wpforms-field-required\" name=\"wpforms[fields][2]\" required><\/div><div id=\"wpforms-990-field_6-container\" class=\"wpforms-field wpforms-field-number\" data-field-id=\"6\"><label class=\"wpforms-field-label\" for=\"wpforms-990-field_6\">CRM <span class=\"wpforms-required-label\">*<\/span><\/label><input type=\"number\" pattern=\"\\d*\" id=\"wpforms-990-field_6\" class=\"wpforms-field-medium wpforms-field-required\" name=\"wpforms[fields][6]\" required><\/div><div id=\"wpforms-990-field_3-container\" class=\"wpforms-field wpforms-field-email\" data-field-id=\"3\"><label class=\"wpforms-field-label\" for=\"wpforms-990-field_3\">E-mail <span class=\"wpforms-required-label\">*<\/span><\/label><input type=\"email\" id=\"wpforms-990-field_3\" class=\"wpforms-field-medium wpforms-field-required\" name=\"wpforms[fields][3]\" required><\/div><div id=\"wpforms-990-field_4-container\" class=\"wpforms-field wpforms-field-password\" data-field-id=\"4\"><label class=\"wpforms-field-label\" for=\"wpforms-990-field_4\">Senha <span class=\"wpforms-required-label\">*<\/span><\/label><input type=\"password\" id=\"wpforms-990-field_4\" class=\"wpforms-field-medium wpforms-field-required\" name=\"wpforms[fields][4]\" required><\/div><div id=\"wpforms-990-field_7-container\" class=\"wpforms-field wpforms-field-checkbox\" data-field-id=\"7\"><ul id=\"wpforms-990-field_7\" class=\"wpforms-field-required\"><li class=\"choice-1 depth-1 wpforms-selected\"><input type=\"checkbox\" id=\"wpforms-990-field_7_1\" name=\"wpforms[fields][7][]\" value=\"Confirmo que sou um(a) profissional da sa\u00fade que exerce esta fun\u00e7\u00e3o no Brasil\" required  checked='checked'><label class=\"wpforms-field-label-inline\" for=\"wpforms-990-field_7_1\">Confirmo que sou um(a) profissional da sa\u00fade que exerce esta fun\u00e7\u00e3o no Brasil<\/label><\/li><\/ul><\/div><\/div><div class=\"wpforms-field wpforms-field-hp\"><label for=\"wpforms-990-field-hp\" class=\"wpforms-field-label\">Website<\/label><input type=\"text\" name=\"wpforms[hp]\" id=\"wpforms-990-field-hp\" class=\"wpforms-field-medium\"><\/div><div class=\"wpforms-submit-container\" ><input type=\"hidden\" name=\"wpforms[id]\" value=\"990\"><input type=\"hidden\" name=\"wpforms[author]\" value=\"1\"><button type=\"submit\" name=\"wpforms[submit]\" class=\"wpforms-submit \" id=\"wpforms-submit-990\" value=\"wpforms-submit\" aria-live=\"assertive\" >Enviar<\/button><\/div><\/form><\/div>  <!-- .wpforms-container --><\/div>\n\t\t\t\t<\/div>\n\t\t\t\t<\/div>\n\t\t\t\t<div class=\"elementor-element elementor-element-6f3e3a8 elementor-widget elementor-widget-text-editor\" data-id=\"6f3e3a8\" data-element_type=\"widget\" data-widget_type=\"text-editor.default\">\n\t\t\t\t<div class=\"elementor-widget-container\">\n\t\t\t\t\t\t\t\t<div class=\"elementor-text-editor elementor-clearfix\">\n\t\t\t\t\t<p>J\u00e1 \u00e9 cadastrado?<a href=\"http:\/\/webapp186542.ip-96-126-117-202.cloudezapp.io\/?page_id=521\"><strong> Clique aqui.<\/strong><\/a><\/p>\t\t\t\t\t<\/div>\n\t\t\t\t\t\t<\/div>\n\t\t\t\t<\/div>\n\t\t\t\t\t\t<\/div>\n\t\t\t\t\t<\/div>\n\t\t<\/div>\n\t\t\t\t\t\t\t\t<\/div>\n\t\t\t\t\t<\/div>\n\t\t<\/section>\n\t\t\t\t<div class=\"elementor-element elementor-element-693923c elementor-widget elementor-widget-text-editor\" data-id=\"693923c\" data-element_type=\"widget\" data-widget_type=\"text-editor.default\">\n\t\t\t\t<div class=\"elementor-widget-container\">\n\t\t\t\t\t\t\t\t<div class=\"elementor-text-editor elementor-clearfix\">\n\t\t\t\t\t<p><strong><a href=\"https:\/\/www.zambonpharma.com\/br\/pt\/pol\u00edtica-de-privacidade\" target=\"_blank\" rel=\"noopener\"> Pol\u00edtica de privacidade<\/a><\/strong> | <strong><a href=\"#termos-de-uso\">Termos de uso<\/a><\/strong> | <strong>SAC 0800-0177011<\/strong><\/p><p><a href=\"https:\/\/www.zambonpharma.com\/br\/pt\/farmacovigil\u00e2ncia\" target=\"_blank\" rel=\"noopener\">Farmacovigil\u00e2ncia<\/a> | <a href=\"https:\/\/www.zambonpharma.com\/br\/pt\/pol\u00edticas-de-cookies\" target=\"_blank\" rel=\"noopener\"> Pol\u00edticas de cookies<\/a> | <a href=\"https:\/\/www.zambonpharma.com\/br\/pt\/\" target=\"_blank\" rel=\"noopener\"> Sobre a empresa<\/a> | <a href=\"https:\/\/www.zambonpharma.com\/br\/pt\/contate-nos\" target=\"_blank\" rel=\"noopener\"> Contate-nos<\/a> | <a href=\"https:\/\/www.zambonpharma.com\/br\/pt\/compliance\" target=\"_blank\" rel=\"noopener\"> Compliance<\/a><\/p><p>\u00a92021 &#8211; Antibi\u00f3tico e Antibi\u00f3ticos. Todos os Direitos Reservados. Desenvolvido por<a href=\"http:\/\/conectasaude.com.br\/\" target=\"_blank\" rel=\"noopener\"> Conecta Sa\u00fade<\/a><\/p>\t\t\t\t\t<\/div>\n\t\t\t\t\t\t<\/div>\n\t\t\t\t<\/div>\n\t\t\t\t\t\t<\/div>\n\t\t\t\t\t<\/div>\n\t\t<\/div>\n\t\t\t\t\t\t\t\t<\/div>\n\t\t\t\t\t<\/div>\n\t\t<\/section>\n\t\t\t\t\t\t<\/div>\n\t\t\t\t\t\t<\/div>\n\t\t\t\t\t<\/div>\n\t\t","protected":false},"excerpt":{"rendered":"<p>Cadastre-se Acesse na \u00edntegra as recomenda\u00e7\u00f5es consensuais da SBI, Febrasgo, SBU e SBPC\/ML para tratamento de ITUs em mulheres. Leitura obrigat\u00f3ria para todos os especialistas que lidam com o tema.&hellip;<\/p>\n","protected":false},"author":1,"featured_media":417,"parent":0,"menu_order":0,"comment_status":"closed","ping_status":"closed","template":"page-fullwidth.php","meta":[],"_links":{"self":[{"href":"https:\/\/antibioticoeantibioticos.com.br\/index.php?rest_route=\/wp\/v2\/pages\/968"}],"collection":[{"href":"https:\/\/antibioticoeantibioticos.com.br\/index.php?rest_route=\/wp\/v2\/pages"}],"about":[{"href":"https:\/\/antibioticoeantibioticos.com.br\/index.php?rest_route=\/wp\/v2\/types\/page"}],"author":[{"embeddable":true,"href":"https:\/\/antibioticoeantibioticos.com.br\/index.php?rest_route=\/wp\/v2\/users\/1"}],"replies":[{"embeddable":true,"href":"https:\/\/antibioticoeantibioticos.com.br\/index.php?rest_route=%2Fwp%2Fv2%2Fcomments&post=968"}],"version-history":[{"count":10,"href":"https:\/\/antibioticoeantibioticos.com.br\/index.php?rest_route=\/wp\/v2\/pages\/968\/revisions"}],"predecessor-version":[{"id":1218,"href":"https:\/\/antibioticoeantibioticos.com.br\/index.php?rest_route=\/wp\/v2\/pages\/968\/revisions\/1218"}],"wp:featuredmedia":[{"embeddable":true,"href":"https:\/\/antibioticoeantibioticos.com.br\/index.php?rest_route=\/wp\/v2\/media\/417"}],"wp:attachment":[{"href":"https:\/\/antibioticoeantibioticos.com.br\/index.php?rest_route=%2Fwp%2Fv2%2Fmedia&parent=968"}],"curies":[{"name":"wp","href":"https:\/\/api.w.org\/{rel}","templated":true}]}}